{"id":60,"date":"2022-12-28T20:57:23","date_gmt":"2022-12-28T20:57:23","guid":{"rendered":"https:\/\/phantom-fungi.com\/?page_id=60"},"modified":"2023-06-07T13:44:55","modified_gmt":"2023-06-07T13:44:55","slug":"sobre-notros","status":"publish","type":"page","link":"https:\/\/phantom-fungi.com\/index.php\/sobre-notros\/","title":{"rendered":"Sobre Notros"},"content":{"rendered":"\t\t<div data-elementor-type=\"wp-page\" data-elementor-id=\"60\" class=\"elementor elementor-60\" data-elementor-settings=\"{&quot;ha_cmc_init_switcher&quot;:&quot;no&quot;}\">\n\t\t\t\t\t\t<section class=\"elementor-section elementor-top-section elementor-element elementor-element-68d4890 elementor-section-boxed elementor-section-height-default elementor-section-height-default\" data-id=\"68d4890\" data-element_type=\"section\" data-e-type=\"section\" data-settings=\"{&quot;_ha_eqh_enable&quot;:false}\">\n\t\t\t\t\t\t<div class=\"elementor-container elementor-column-gap-default\">\n\t\t\t\t\t<div class=\"elementor-column elementor-col-100 elementor-top-column elementor-element elementor-element-1eea333\" data-id=\"1eea333\" data-element_type=\"column\" data-e-type=\"column\">\n\t\t\t<div class=\"elementor-widget-wrap elementor-element-populated\">\n\t\t\t\t\t\t<div class=\"elementor-element elementor-element-2a3e129 elementor-widget-divider--view-line_icon elementor-view-default elementor-widget-divider--element-align-center elementor-widget elementor-widget-divider\" data-id=\"2a3e129\" data-element_type=\"widget\" data-e-type=\"widget\" data-widget_type=\"divider.default\">\n\t\t\t\t<div class=\"elementor-widget-container\">\n\t\t\t\t\t\t\t<div class=\"elementor-divider\">\n\t\t\t<span class=\"elementor-divider-separator\">\n\t\t\t\t\t\t\t<div class=\"elementor-icon elementor-divider__element\">\n\t\t\t\t\t<i aria-hidden=\"true\" class=\"fas fa-chevron-down\"><\/i><\/div>\n\t\t\t\t\t\t<\/span>\n\t\t<\/div>\n\t\t\t\t\t\t<\/div>\n\t\t\t\t<\/div>\n\t\t\t\t\t<\/div>\n\t\t<\/div>\n\t\t\t\t\t<\/div>\n\t\t<\/section>\n\t\t\t\t<section class=\"elementor-section elementor-top-section elementor-element elementor-element-fee0707 elementor-section-content-middle elementor-reverse-mobile elementor-section-boxed elementor-section-height-default elementor-section-height-default elementor-invisible\" data-id=\"fee0707\" data-element_type=\"section\" data-e-type=\"section\" data-settings=\"{&quot;animation&quot;:&quot;fadeInDown&quot;,&quot;_ha_eqh_enable&quot;:false}\">\n\t\t\t\t\t\t<div class=\"elementor-container elementor-column-gap-default\">\n\t\t\t\t\t<div class=\"elementor-column elementor-col-50 elementor-top-column elementor-element elementor-element-280f757\" data-id=\"280f757\" data-element_type=\"column\" data-e-type=\"column\">\n\t\t\t<div class=\"elementor-widget-wrap elementor-element-populated\">\n\t\t\t\t\t\t<div class=\"elementor-element elementor-element-2cce9b6 elementor-invisible elementor-widget elementor-widget-heading\" data-id=\"2cce9b6\" data-element_type=\"widget\" data-e-type=\"widget\" data-settings=\"{&quot;_animation&quot;:&quot;fadeInLeft&quot;}\" data-widget_type=\"heading.default\">\n\t\t\t\t<div class=\"elementor-widget-container\">\n\t\t\t\t\t<h2 class=\"elementor-heading-title elementor-size-default\">NOSOTROS  SOMOS:<\/h2>\t\t\t\t<\/div>\n\t\t\t\t<\/div>\n\t\t\t\t<div class=\"elementor-element elementor-element-0f1b5eb elementor-invisible elementor-widget elementor-widget-text-editor\" data-id=\"0f1b5eb\" data-element_type=\"widget\" data-e-type=\"widget\" data-settings=\"{&quot;_animation&quot;:&quot;fadeInLeft&quot;}\" data-widget_type=\"text-editor.default\">\n\t\t\t\t<div class=\"elementor-widget-container\">\n\t\t\t\t\t\t\t\t\t<p>Una empresa vanguardista, que con tecnolog\u00eda de punta e IA (inteligencia artificial); Desarrollamos y optimizamos procesos, generando soluciones que nos permiten mejorar de forma m\u00e1s eficiente, r\u00e1pida y \u00f3ptima, la calidad y tiempos de entrega de los diferentes productos y servicios que ofertamos en el mercado.<\/p>\t\t\t\t\t\t\t\t<\/div>\n\t\t\t\t<\/div>\n\t\t\t\t\t<\/div>\n\t\t<\/div>\n\t\t\t\t<div class=\"elementor-column elementor-col-50 elementor-top-column elementor-element elementor-element-01d2b6a\" data-id=\"01d2b6a\" data-element_type=\"column\" data-e-type=\"column\">\n\t\t\t<div class=\"elementor-widget-wrap elementor-element-populated\">\n\t\t\t\t\t\t<div class=\"elementor-element elementor-element-34697ac elementor-invisible elementor-widget elementor-widget-image\" data-id=\"34697ac\" data-element_type=\"widget\" data-e-type=\"widget\" data-settings=\"{&quot;_animation&quot;:&quot;fadeInRight&quot;,&quot;motion_fx_motion_fx_mouse&quot;:&quot;yes&quot;,&quot;motion_fx_tilt_effect&quot;:&quot;yes&quot;,&quot;motion_fx_tilt_speed&quot;:{&quot;unit&quot;:&quot;px&quot;,&quot;size&quot;:5,&quot;sizes&quot;:[]}}\" data-widget_type=\"image.default\">\n\t\t\t\t<div class=\"elementor-widget-container\">\n\t\t\t\t\t\t\t\t\t\t\t\t\t\t\t<img fetchpriority=\"high\" decoding=\"async\" width=\"512\" height=\"512\" src=\"https:\/\/phantom-fungi.com\/wp-content\/uploads\/2022\/12\/cropped-ICONO-PHANTOM-03.png\" class=\"attachment-large size-large wp-image-52\" alt=\"\" srcset=\"https:\/\/phantom-fungi.com\/wp-content\/uploads\/2022\/12\/cropped-ICONO-PHANTOM-03.png 512w, https:\/\/phantom-fungi.com\/wp-content\/uploads\/2022\/12\/cropped-ICONO-PHANTOM-03-300x300.png 300w, https:\/\/phantom-fungi.com\/wp-content\/uploads\/2022\/12\/cropped-ICONO-PHANTOM-03-150x150.png 150w, https:\/\/phantom-fungi.com\/wp-content\/uploads\/2022\/12\/cropped-ICONO-PHANTOM-03-270x270.png 270w, https:\/\/phantom-fungi.com\/wp-content\/uploads\/2022\/12\/cropped-ICONO-PHANTOM-03-192x192.png 192w, https:\/\/phantom-fungi.com\/wp-content\/uploads\/2022\/12\/cropped-ICONO-PHANTOM-03-180x180.png 180w, https:\/\/phantom-fungi.com\/wp-content\/uploads\/2022\/12\/cropped-ICONO-PHANTOM-03-32x32.png 32w\" sizes=\"(max-width: 512px) 100vw, 512px\" \/>\t\t\t\t\t\t\t\t\t\t\t\t\t\t\t<\/div>\n\t\t\t\t<\/div>\n\t\t\t\t\t<\/div>\n\t\t<\/div>\n\t\t\t\t\t<\/div>\n\t\t<\/section>\n\t\t\t\t<section class=\"elementor-section elementor-top-section elementor-element elementor-element-1d5a21c elementor-section-boxed elementor-section-height-default elementor-section-height-default elementor-invisible\" data-id=\"1d5a21c\" data-element_type=\"section\" data-e-type=\"section\" data-settings=\"{&quot;animation&quot;:&quot;fadeInUp&quot;,&quot;_ha_eqh_enable&quot;:false}\">\n\t\t\t\t\t\t<div class=\"elementor-container elementor-column-gap-default\">\n\t\t\t\t\t<div class=\"elementor-column elementor-col-100 elementor-top-column elementor-element elementor-element-d326489\" data-id=\"d326489\" data-element_type=\"column\" data-e-type=\"column\">\n\t\t\t<div class=\"elementor-widget-wrap elementor-element-populated\">\n\t\t\t\t\t\t<div class=\"elementor-element elementor-element-bc6804e elementor-widget-tablet__width-initial elementor-widget elementor-widget-ucaddon_flip_box\" data-id=\"bc6804e\" data-element_type=\"widget\" data-e-type=\"widget\" data-widget_type=\"ucaddon_flip_box.default\">\n\t\t\t\t<div class=\"elementor-widget-container\">\n\t\t\t\t\t\n<!-- start Flip Box -->\n\t\t<link id='font-awesome-css' href='https:\/\/phantom-fungi.com\/wp-content\/plugins\/unlimited-elements-for-elementor\/assets_libraries\/font-awesome6\/fontawesome-all.min.css' type='text\/css' rel='stylesheet' >\n\t\t<link id='font-awesome-4-shim-css' href='https:\/\/phantom-fungi.com\/wp-content\/plugins\/unlimited-elements-for-elementor\/assets_libraries\/font-awesome6\/fontawesome-v4-shims.min.css' type='text\/css' rel='stylesheet' >\n\t\t<link id='uc_ac_assets_file_ue_flipbox_styles_css_12353-css' href='https:\/\/phantom-fungi.com\/wp-content\/uploads\/ac_assets\/uc_flip_box_base\/animations\/ue-flipbox-styles.css' type='text\/css' rel='stylesheet' >\n\n<style>\/* widget: Flip Box *\/\n\n\/* elementor container support *\/\n.e-con-inner>.elementor-widget-ucaddon_flip_box, .e-con>.elementor-widget-ucaddon_flip_box {\n    width: var(--container-widget-width);\n    --flex-grow: var(--container-widget-flex-grow);\n}\n\n#uc_flip_box_elementor_bc6804e .ue-flip-box__panel.ue-flip-box__panel--front,\n#uc_flip_box_elementor_bc6804e .ue-flip-box__panel.ue-flip-box__panel--back {\n    backface-visibility: hidden;\n    -webkit-backface-visibility: hidden; \n}\n\n\n#uc_flip_box_elementor_bc6804e .ue-flip-box__panel--back .ue_btn{\n\tdisplay: inline-block;\n}\n\t\n\t#uc_flip_box_elementor_bc6804e .ue-flip-box__container, #uc_flip_box_elementor_bc6804e .ue-flip-box__panel {\n      overflow: hidden;\n    }\n\t\n\n\n\n\n\n#uc_flip_box_elementor_bc6804e .ue-flip-box__panel--front-overlay, #uc_flip_box_elementor_bc6804e .ue-flip-box__panel--back-overlay\n{\n  position:absolute;\n  top:0;\n  bottom:0;\n  right:0;\n  left:0;\n  z-index:-1;\n}\n\n<\/style>\n\n<div id=\"uc_flip_box_elementor_bc6804e\" class=\"ue-flip-box\" data-id=\"uc_flip_box_elementor_bc6804e\" data-closeonbody='false'>\n  \n      <div class=\"ue-flip-box__container uc-hide ue-swap_left ue-flip-box__container--hover\" tabindex=\"0\">\n      \n    <div class=\"ue-flip-box__panel ue-flip-box__panel--front\">\n      <div class=\"ue-flip-box__panel--front-overlay\"><\/div>\n            <div class=\"ue-flip-box__panel__wrapper\">\n        <div class=\"ue-flip-box__panel__content\">\n            <div class=\"ue-flip-box__panel__element ue-flip-box__icon\"><i class='far fa-dot-circle'><\/i><\/div>            <div class=\"ue-flip-box__panel__element ue-flip-box__title\">MISI\u00d3N<\/div>            <div class=\"ue-flip-box__panel__element ue-flip-box__description\"><p>Proporcionar un servicio de alta calidad para satisfacer y superar las expectativas de nuestros clientes a nivel nacional e internacional. Ser pioneros en la transici\u00f3n de la industria a las nuevas tecnolog\u00edas de delimitaci\u00f3n f\u00edsica y acceso virtual en campos tan importantes como la medicina, arquitectura, alimentaci\u00f3n, industria, desarrollo de software e inteligencia artificial.<\/p><\/div>        <\/div>\n      <\/div>\n    <\/div>\n    \n\n      \n    <div class=\"ue-flip-box__panel ue-flip-box__panel--back\">\n      <div class=\"ue-flip-box__panel--back-overlay\"><\/div>\n            <div class=\"ue-flip-box__panel__wrapper\">\n        <div class=\"ue-flip-box__panel__content\">\n\n          <div class=\"ue-flip-box__panel__element ue-flip-box__icon\"><i class='fas fa-eye'><\/i><\/div>          <div class=\"ue-flip-box__panel__element ue-flip-box__title\">VISI\u00d3N<\/div>          <div class=\"ue-flip-box__panel__element ue-flip-box__description\"><p>Hacer del mundo un lugar con mayor acceso a la informaci\u00f3n de una manera inmersiva y v\u00edvida, para lograr transmitir un conocimiento, sentimiento o idea, a trav\u00e9s de las multiples tecnolog\u00edas inmersivas que existen en la actualidad y siempre con la proyecci\u00f3n a futuras actualizaciones.<\/p><\/div>                  <\/div>\n      <\/div>\n    <\/div>\n    \n  <\/div>\n  \n   \n      \n        \n<\/div>\n<!-- end Flip Box -->\t\t\t\t<\/div>\n\t\t\t\t<\/div>\n\t\t\t\t\t<\/div>\n\t\t<\/div>\n\t\t\t\t\t<\/div>\n\t\t<\/section>\n\t\t\t\t<section class=\"elementor-section elementor-top-section elementor-element elementor-element-8b62128 elementor-section-boxed elementor-section-height-default elementor-section-height-default elementor-invisible\" data-id=\"8b62128\" data-element_type=\"section\" data-e-type=\"section\" data-settings=\"{&quot;animation&quot;:&quot;fadeInUp&quot;,&quot;_ha_eqh_enable&quot;:false}\">\n\t\t\t\t\t\t<div class=\"elementor-container elementor-column-gap-default\">\n\t\t\t\t\t<div class=\"elementor-column elementor-col-100 elementor-top-column elementor-element elementor-element-12c36c7\" data-id=\"12c36c7\" data-element_type=\"column\" data-e-type=\"column\">\n\t\t\t<div class=\"elementor-widget-wrap elementor-element-populated\">\n\t\t\t\t\t\t<div class=\"elementor-element elementor-element-9ff4a1d elementor-widget elementor-widget-heading\" data-id=\"9ff4a1d\" data-element_type=\"widget\" data-e-type=\"widget\" data-widget_type=\"heading.default\">\n\t\t\t\t<div class=\"elementor-widget-container\">\n\t\t\t\t\t<h2 class=\"elementor-heading-title elementor-size-default\">Alianzas<\/h2>\t\t\t\t<\/div>\n\t\t\t\t<\/div>\n\t\t\t\t\t<\/div>\n\t\t<\/div>\n\t\t\t\t\t<\/div>\n\t\t<\/section>\n\t\t\t\t<section class=\"elementor-section elementor-top-section elementor-element elementor-element-48556e0 elementor-section-content-middle elementor-section-boxed elementor-section-height-default elementor-section-height-default\" data-id=\"48556e0\" data-element_type=\"section\" data-e-type=\"section\" data-settings=\"{&quot;_ha_eqh_enable&quot;:false}\">\n\t\t\t\t\t\t<div class=\"elementor-container elementor-column-gap-wide\">\n\t\t\t\t\t<div class=\"elementor-column elementor-col-20 elementor-top-column elementor-element elementor-element-bbbac8d\" data-id=\"bbbac8d\" data-element_type=\"column\" data-e-type=\"column\">\n\t\t\t<div class=\"elementor-widget-wrap elementor-element-populated\">\n\t\t\t\t\t\t<div class=\"elementor-element elementor-element-d60e2ae e-transform elementor-invisible elementor-widget elementor-widget-image\" data-id=\"d60e2ae\" data-element_type=\"widget\" data-e-type=\"widget\" data-settings=\"{&quot;_animation&quot;:&quot;fadeIn&quot;,&quot;_animation_delay&quot;:100,&quot;_transform_scale_effect_hover&quot;:{&quot;unit&quot;:&quot;px&quot;,&quot;size&quot;:1.1,&quot;sizes&quot;:[]},&quot;_transform_scale_effect_hover_tablet&quot;:{&quot;unit&quot;:&quot;px&quot;,&quot;size&quot;:&quot;&quot;,&quot;sizes&quot;:[]},&quot;_transform_scale_effect_hover_mobile&quot;:{&quot;unit&quot;:&quot;px&quot;,&quot;size&quot;:&quot;&quot;,&quot;sizes&quot;:[]}}\" data-widget_type=\"image.default\">\n\t\t\t\t<div class=\"elementor-widget-container\">\n\t\t\t\t\t\t\t\t\t\t\t\t\t\t\t\t<a href=\"https:\/\/albumcorvus.com\/\" target=\"_blank\">\n\t\t\t\t\t\t\t<img decoding=\"async\" src=\"https:\/\/phantom-fungi.com\/wp-content\/uploads\/2023\/05\/logo_AlbumBlanco-e1684941828505.png\" title=\"logo_AlbumBlanco\" alt=\"logo_AlbumBlanco\" loading=\"lazy\" \/>\t\t\t\t\t\t\t\t<\/a>\n\t\t\t\t\t\t\t\t\t\t\t\t\t\t\t<\/div>\n\t\t\t\t<\/div>\n\t\t\t\t\t<\/div>\n\t\t<\/div>\n\t\t\t\t<div class=\"elementor-column elementor-col-20 elementor-top-column elementor-element elementor-element-f171b05\" data-id=\"f171b05\" data-element_type=\"column\" data-e-type=\"column\">\n\t\t\t<div class=\"elementor-widget-wrap elementor-element-populated\">\n\t\t\t\t\t\t<div class=\"elementor-element elementor-element-f4fda76 e-transform elementor-invisible elementor-widget elementor-widget-image\" data-id=\"f4fda76\" data-element_type=\"widget\" data-e-type=\"widget\" data-settings=\"{&quot;_animation&quot;:&quot;fadeIn&quot;,&quot;_animation_delay&quot;:200,&quot;_transform_scale_effect_hover&quot;:{&quot;unit&quot;:&quot;px&quot;,&quot;size&quot;:1.1,&quot;sizes&quot;:[]},&quot;_transform_scale_effect_hover_tablet&quot;:{&quot;unit&quot;:&quot;px&quot;,&quot;size&quot;:&quot;&quot;,&quot;sizes&quot;:[]},&quot;_transform_scale_effect_hover_mobile&quot;:{&quot;unit&quot;:&quot;px&quot;,&quot;size&quot;:&quot;&quot;,&quot;sizes&quot;:[]}}\" data-widget_type=\"image.default\">\n\t\t\t\t<div class=\"elementor-widget-container\">\n\t\t\t\t\t\t\t\t\t\t\t\t\t\t\t<img decoding=\"async\" width=\"566\" height=\"441\" src=\"https:\/\/phantom-fungi.com\/wp-content\/uploads\/2023\/01\/ayaguazka-removebg-preview.png\" class=\"attachment-large size-large wp-image-436\" alt=\"\" srcset=\"https:\/\/phantom-fungi.com\/wp-content\/uploads\/2023\/01\/ayaguazka-removebg-preview.png 566w, https:\/\/phantom-fungi.com\/wp-content\/uploads\/2023\/01\/ayaguazka-removebg-preview-300x234.png 300w\" sizes=\"(max-width: 566px) 100vw, 566px\" \/>\t\t\t\t\t\t\t\t\t\t\t\t\t\t\t<\/div>\n\t\t\t\t<\/div>\n\t\t\t\t\t<\/div>\n\t\t<\/div>\n\t\t\t\t<div class=\"elementor-column elementor-col-20 elementor-top-column elementor-element elementor-element-3937cce\" data-id=\"3937cce\" data-element_type=\"column\" data-e-type=\"column\">\n\t\t\t<div class=\"elementor-widget-wrap elementor-element-populated\">\n\t\t\t\t\t\t<div class=\"elementor-element elementor-element-e6694c2 e-transform elementor-invisible elementor-widget elementor-widget-image\" data-id=\"e6694c2\" data-element_type=\"widget\" data-e-type=\"widget\" data-settings=\"{&quot;_animation&quot;:&quot;fadeIn&quot;,&quot;_animation_delay&quot;:300,&quot;_transform_scale_effect_hover&quot;:{&quot;unit&quot;:&quot;px&quot;,&quot;size&quot;:1.1,&quot;sizes&quot;:[]},&quot;_transform_scale_effect_hover_tablet&quot;:{&quot;unit&quot;:&quot;px&quot;,&quot;size&quot;:&quot;&quot;,&quot;sizes&quot;:[]},&quot;_transform_scale_effect_hover_mobile&quot;:{&quot;unit&quot;:&quot;px&quot;,&quot;size&quot;:&quot;&quot;,&quot;sizes&quot;:[]}}\" data-widget_type=\"image.default\">\n\t\t\t\t<div class=\"elementor-widget-container\">\n\t\t\t\t\t\t\t\t\t\t\t\t\t\t\t<img decoding=\"async\" width=\"800\" height=\"450\" src=\"https:\/\/phantom-fungi.com\/wp-content\/uploads\/2023\/01\/Der-Drcker-color-blanco_Mesa-de-trabajo-1-1024x576.png\" class=\"attachment-large size-large wp-image-410\" alt=\"\" srcset=\"https:\/\/phantom-fungi.com\/wp-content\/uploads\/2023\/01\/Der-Drcker-color-blanco_Mesa-de-trabajo-1-1024x576.png 1024w, https:\/\/phantom-fungi.com\/wp-content\/uploads\/2023\/01\/Der-Drcker-color-blanco_Mesa-de-trabajo-1-300x169.png 300w, https:\/\/phantom-fungi.com\/wp-content\/uploads\/2023\/01\/Der-Drcker-color-blanco_Mesa-de-trabajo-1-768x432.png 768w, https:\/\/phantom-fungi.com\/wp-content\/uploads\/2023\/01\/Der-Drcker-color-blanco_Mesa-de-trabajo-1-1536x864.png 1536w, https:\/\/phantom-fungi.com\/wp-content\/uploads\/2023\/01\/Der-Drcker-color-blanco_Mesa-de-trabajo-1-2048x1152.png 2048w\" sizes=\"(max-width: 800px) 100vw, 800px\" \/>\t\t\t\t\t\t\t\t\t\t\t\t\t\t\t<\/div>\n\t\t\t\t<\/div>\n\t\t\t\t\t<\/div>\n\t\t<\/div>\n\t\t\t\t<div class=\"elementor-column elementor-col-20 elementor-top-column elementor-element elementor-element-b2ab0ef\" data-id=\"b2ab0ef\" data-element_type=\"column\" data-e-type=\"column\">\n\t\t\t<div class=\"elementor-widget-wrap elementor-element-populated\">\n\t\t\t\t\t\t<div class=\"elementor-element elementor-element-fa643e5 e-transform elementor-invisible elementor-widget elementor-widget-image\" data-id=\"fa643e5\" data-element_type=\"widget\" data-e-type=\"widget\" data-settings=\"{&quot;_animation&quot;:&quot;fadeIn&quot;,&quot;_animation_delay&quot;:400,&quot;_transform_scale_effect_hover&quot;:{&quot;unit&quot;:&quot;px&quot;,&quot;size&quot;:1.1,&quot;sizes&quot;:[]},&quot;_transform_scale_effect_hover_tablet&quot;:{&quot;unit&quot;:&quot;px&quot;,&quot;size&quot;:&quot;&quot;,&quot;sizes&quot;:[]},&quot;_transform_scale_effect_hover_mobile&quot;:{&quot;unit&quot;:&quot;px&quot;,&quot;size&quot;:&quot;&quot;,&quot;sizes&quot;:[]}}\" data-widget_type=\"image.default\">\n\t\t\t\t<div class=\"elementor-widget-container\">\n\t\t\t\t\t\t\t\t\t\t\t\t\t\t\t<img loading=\"lazy\" decoding=\"async\" width=\"800\" height=\"566\" src=\"https:\/\/phantom-fungi.com\/wp-content\/uploads\/2023\/05\/Kontiki-Convertido-1024x725.png\" class=\"attachment-large size-large wp-image-920\" alt=\"\" srcset=\"https:\/\/phantom-fungi.com\/wp-content\/uploads\/2023\/05\/Kontiki-Convertido-1024x725.png 1024w, https:\/\/phantom-fungi.com\/wp-content\/uploads\/2023\/05\/Kontiki-Convertido-300x212.png 300w, https:\/\/phantom-fungi.com\/wp-content\/uploads\/2023\/05\/Kontiki-Convertido-768x543.png 768w, https:\/\/phantom-fungi.com\/wp-content\/uploads\/2023\/05\/Kontiki-Convertido-1536x1087.png 1536w, https:\/\/phantom-fungi.com\/wp-content\/uploads\/2023\/05\/Kontiki-Convertido.png 1754w\" sizes=\"(max-width: 800px) 100vw, 800px\" \/>\t\t\t\t\t\t\t\t\t\t\t\t\t\t\t<\/div>\n\t\t\t\t<\/div>\n\t\t\t\t\t<\/div>\n\t\t<\/div>\n\t\t\t\t<div class=\"elementor-column elementor-col-20 elementor-top-column elementor-element elementor-element-7d2cc10\" data-id=\"7d2cc10\" data-element_type=\"column\" data-e-type=\"column\">\n\t\t\t<div class=\"elementor-widget-wrap elementor-element-populated\">\n\t\t\t\t\t\t<div class=\"elementor-element elementor-element-7b14ad9 e-transform elementor-invisible elementor-widget elementor-widget-image\" data-id=\"7b14ad9\" data-element_type=\"widget\" data-e-type=\"widget\" data-settings=\"{&quot;_animation&quot;:&quot;fadeIn&quot;,&quot;_animation_delay&quot;:500,&quot;_transform_scale_effect_hover&quot;:{&quot;unit&quot;:&quot;px&quot;,&quot;size&quot;:1.1,&quot;sizes&quot;:[]},&quot;_transform_scale_effect_hover_tablet&quot;:{&quot;unit&quot;:&quot;px&quot;,&quot;size&quot;:&quot;&quot;,&quot;sizes&quot;:[]},&quot;_transform_scale_effect_hover_mobile&quot;:{&quot;unit&quot;:&quot;px&quot;,&quot;size&quot;:&quot;&quot;,&quot;sizes&quot;:[]}}\" data-widget_type=\"image.default\">\n\t\t\t\t<div class=\"elementor-widget-container\">\n\t\t\t\t\t\t\t\t\t\t\t\t\t\t\t<img loading=\"lazy\" decoding=\"async\" width=\"800\" height=\"800\" src=\"https:\/\/phantom-fungi.com\/wp-content\/uploads\/2023\/01\/LOGO-vr-cocktail-club-02-1024x1024.png\" class=\"attachment-large size-large wp-image-438\" alt=\"\" srcset=\"https:\/\/phantom-fungi.com\/wp-content\/uploads\/2023\/01\/LOGO-vr-cocktail-club-02-1024x1024.png 1024w, https:\/\/phantom-fungi.com\/wp-content\/uploads\/2023\/01\/LOGO-vr-cocktail-club-02-300x300.png 300w, https:\/\/phantom-fungi.com\/wp-content\/uploads\/2023\/01\/LOGO-vr-cocktail-club-02-150x150.png 150w, https:\/\/phantom-fungi.com\/wp-content\/uploads\/2023\/01\/LOGO-vr-cocktail-club-02-768x768.png 768w, https:\/\/phantom-fungi.com\/wp-content\/uploads\/2023\/01\/LOGO-vr-cocktail-club-02-1536x1536.png 1536w, https:\/\/phantom-fungi.com\/wp-content\/uploads\/2023\/01\/LOGO-vr-cocktail-club-02-2048x2048.png 2048w\" sizes=\"(max-width: 800px) 100vw, 800px\" \/>\t\t\t\t\t\t\t\t\t\t\t\t\t\t\t<\/div>\n\t\t\t\t<\/div>\n\t\t\t\t\t<\/div>\n\t\t<\/div>\n\t\t\t\t\t<\/div>\n\t\t<\/section>\n\t\t\t\t<section class=\"elementor-section elementor-top-section elementor-element elementor-element-00fb10b elementor-section-boxed elementor-section-height-default elementor-section-height-default\" data-id=\"00fb10b\" data-element_type=\"section\" data-e-type=\"section\" data-settings=\"{&quot;_ha_eqh_enable&quot;:false}\">\n\t\t\t\t\t\t<div class=\"elementor-container elementor-column-gap-default\">\n\t\t\t\t\t<div class=\"elementor-column elementor-col-100 elementor-top-column elementor-element elementor-element-1f4e6d5\" data-id=\"1f4e6d5\" data-element_type=\"column\" data-e-type=\"column\">\n\t\t\t<div class=\"elementor-widget-wrap elementor-element-populated\">\n\t\t\t\t\t\t<div class=\"elementor-element elementor-element-4c9c24a elementor-widget elementor-widget-ucaddon_ue_scroll_to_top\" data-id=\"4c9c24a\" data-element_type=\"widget\" data-e-type=\"widget\" data-widget_type=\"ucaddon_ue_scroll_to_top.default\">\n\t\t\t\t<div class=\"elementor-widget-container\">\n\t\t\t\t\t\n<!-- start Scroll To Top -->\n<style>\/* widget: Scroll To Top *\/\n\n#uc_ue_scroll_to_top_elementor_4c9c24a.ue-scroll-to {\n    display: flex;\n   z-index: auto;\n  \n}\n#uc_ue_scroll_to_top_elementor_4c9c24a .ue-scroll-to-cta {\n  cursor: pointer;\n  display: flex;\n  position: relative;\n  transition: all 400ms ease-in-out;\n  align-content:center;\n  justify-content:center;\n  flex-direction:column;\n  text-align:center;\n}\n#uc_ue_scroll_to_top_elementor_4c9c24a .ue-scroll-to-cta .ue-scroll-to-icon {\n  line-height:1em;\n  margin:0 auto;\n}\n\n#uc_ue_scroll_to_top_elementor_4c9c24a .ue-scroll-to-cta .ue-scroll-to-icon svg {\n  height:1em; \n  width:1em; \n}\n\n.ue-scroll-to-cta \n#uc_ue_scroll_to_top_elementor_4c9c24a .ue-scroll-to-icon {\n  position: relative;\n}\n\n#uc_ue_scroll_to_top_elementor_4c9c24a .ue-scroll-to-icon:hover {\n  cursor: pointer;\n}\n.ue-snap-v-middle{\n  top:50%;\n}\n.ue-scroll-to-text\n{\n  font-size:10px;\n}\n\n\t\n\t\t\n\t\n\t\n\t\n\t      #uc_ue_scroll_to_top_elementor_4c9c24a .ue-scroll-to-cta {\n          animation: ue-spin 5s infinite cubic-bezier(.56, -.35, .22, 1.5);\n      }\n\n      @keyframes ue-spin {\n          10% {\n              transform: rotateZ(-20deg);\n              animation-timing-function: ease;\n          }\n\n          100%,\n          20% {\n              transform: rotateZ(360deg);\n          }\n      }\n\t\n\t\n\t\n\n<\/style>\n\n<div id=\"uc_ue_scroll_to_top_elementor_4c9c24a\" class=\"ue-scroll-to ue-snap-v-bottom ue-snap-h-right\">\n      <div class=\"ue-scroll-to-cta ue-spin\">\n          <div class=\"ue-scroll-to-icon\"><i class='fas fa-arrow-up'><\/i><\/div>\n          \t\n      <\/div>\n<\/div>\n<!-- end Scroll To Top -->\t\t\t\t<\/div>\n\t\t\t\t<\/div>\n\t\t\t\t\t<\/div>\n\t\t<\/div>\n\t\t\t\t\t<\/div>\n\t\t<\/section>\n\t\t\t\t<\/div>\n\t\t","protected":false},"excerpt":{"rendered":"<p>NOSOTROS SOMOS: Una empresa vanguardista, que con tecnolog\u00eda de punta e IA (inteligencia artificial); Desarrollamos y optimizamos procesos, generando soluciones que nos permiten mejorar de forma m\u00e1s eficiente, r\u00e1pida y \u00f3ptima, la calidad y tiempos de entrega de los diferentes productos y servicios que ofertamos en el mercado. MISI\u00d3N Proporcionar un servicio de alta calidad [&hellip;]<\/p>\n","protected":false},"author":2,"featured_media":0,"parent":0,"menu_order":0,"comment_status":"closed","ping_status":"closed","template":"","meta":{"footnotes":""},"class_list":["post-60","page","type-page","status-publish","hentry"],"_links":{"self":[{"href":"https:\/\/phantom-fungi.com\/index.php\/wp-json\/wp\/v2\/pages\/60","targetHints":{"allow":["GET"]}}],"collection":[{"href":"https:\/\/phantom-fungi.com\/index.php\/wp-json\/wp\/v2\/pages"}],"about":[{"href":"https:\/\/phantom-fungi.com\/index.php\/wp-json\/wp\/v2\/types\/page"}],"author":[{"embeddable":true,"href":"https:\/\/phantom-fungi.com\/index.php\/wp-json\/wp\/v2\/users\/2"}],"replies":[{"embeddable":true,"href":"https:\/\/phantom-fungi.com\/index.php\/wp-json\/wp\/v2\/comments?post=60"}],"version-history":[{"count":79,"href":"https:\/\/phantom-fungi.com\/index.php\/wp-json\/wp\/v2\/pages\/60\/revisions"}],"predecessor-version":[{"id":1054,"href":"https:\/\/phantom-fungi.com\/index.php\/wp-json\/wp\/v2\/pages\/60\/revisions\/1054"}],"wp:attachment":[{"href":"https:\/\/phantom-fungi.com\/index.php\/wp-json\/wp\/v2\/media?parent=60"}],"curies":[{"name":"wp","href":"https:\/\/api.w.org\/{rel}","templated":true}]}}